{"id":2,"date":"2015-09-16T04:24:25","date_gmt":"2015-09-16T04:24:25","guid":{"rendered":"http:\/\/wp431m.a10-52-158-154.qa.plesk.ru\/wordpress\/?page_id=2"},"modified":"2022-03-24T22:56:18","modified_gmt":"2022-03-24T21:56:18","slug":"sample-page","status":"publish","type":"page","link":"https:\/\/12tage.de\/","title":{"rendered":"\u00dcber mich"},"content":{"rendered":"<p>Hi! Ich bin Theresa.<\/p>\n<p>Was gibt es \u00fcber mich zu sagen? Ich bin 25 Jahre alt. Beschreiben w\u00fcrde ich mich als spontan, offen und meistens lieb. Ich kann mich selbst nicht als ruhiger oder aufgeweckter Typ einsch\u00e4tzen. Vermutlich bin ich eine Mischung aus beidem.\u00a0Ich arbeite als examinierte Fachpflegekraft auf einer geschlossenen Station in einer Einrichtung f\u00fcr psychisch-kranke Menschen. Ich mag Socken mit Motiven und\u00a0das Meer.<\/p>\n<p>Warum &#8222;zw\u00f6lf Tage&#8220;? Der Name entstand, als ich 2015 einen Text \u00fcber ein pr\u00e4gendes Ereignis auf der Arbeit, damals noch als Sch\u00fclerin, schrieb. Ich wollte diesen gerne mit der Welt teilen und gestaltete deshalb mit Hilfe von Freunden diesen Blog.<br \/>\nDie Idee zu dem Namen ist simpel: Meine Arbeitszeit verteilt sich auf eine 6-Woche, wobei wir (damit meine ich fast alle Pflegekr\u00e4fte in Deutschland) immer 12 Tage am St\u00fcck arbeiten, und dann 2 Tage, jedes 2. Wochenende, frei haben. Der perfekte Name f\u00fcr einen Pflege-Blog, fand ich.<br \/>\nMittlerweile habe ich generell Spa\u00df am bloggen gefunden. Ich teile nicht nur meinen Alltag als Pflegefachkraft sondern auch als Mensch.<\/p>\n<p>Dieser Blog dient f\u00fcr mich als kleines Ventil. Um meine Gedanken und Emotionen zu verbalisieren, um Luft rauszulassen, um nachzudenken, um mich aufzuregen und so einen St\u00fcck meines Lebens zu teilen.<\/p>\n<p>Viel Spa\u00df beim Lesen!<\/p>\n","protected":false},"excerpt":{"rendered":"<p>Hi! Ich bin Theresa. Was gibt es \u00fcber mich zu sagen? Ich bin 25 Jahre alt. Beschreiben w\u00fcrde ich mich als spontan, offen und meistens lieb. Ich kann mich selbst nicht als ruhiger oder aufgeweckter Typ einsch\u00e4tzen. Vermutlich bin ich eine Mischung aus beidem.\u00a0Ich arbeite als examinierte Fachpflegekraft auf einer geschlossenen Station in einer Einrichtung [&hellip;]<\/p>\n","protected":false},"author":1,"featured_media":0,"parent":0,"menu_order":0,"comment_status":"closed","ping_status":"closed","template":"","meta":{"footnotes":""},"class_list":["post-2","page","type-page","status-publish","hentry"],"_links":{"self":[{"href":"https:\/\/12tage.de\/index.php?rest_route=\/wp\/v2\/pages\/2"}],"collection":[{"href":"https:\/\/12tage.de\/index.php?rest_route=\/wp\/v2\/pages"}],"about":[{"href":"https:\/\/12tage.de\/index.php?rest_route=\/wp\/v2\/types\/page"}],"author":[{"embeddable":true,"href":"https:\/\/12tage.de\/index.php?rest_route=\/wp\/v2\/users\/1"}],"replies":[{"embeddable":true,"href":"https:\/\/12tage.de\/index.php?rest_route=%2Fwp%2Fv2%2Fcomments&post=2"}],"version-history":[{"count":20,"href":"https:\/\/12tage.de\/index.php?rest_route=\/wp\/v2\/pages\/2\/revisions"}],"predecessor-version":[{"id":477,"href":"https:\/\/12tage.de\/index.php?rest_route=\/wp\/v2\/pages\/2\/revisions\/477"}],"wp:attachment":[{"href":"https:\/\/12tage.de\/index.php?rest_route=%2Fwp%2Fv2%2Fmedia&parent=2"}],"curies":[{"name":"wp","href":"https:\/\/api.w.org\/{rel}","templated":true}]}}